{"id":126,"date":"2022-10-26T07:48:58","date_gmt":"2022-10-26T07:48:58","guid":{"rendered":"https:\/\/www.bouledepoils.be\/adoption\/?page_id=126"},"modified":"2023-05-28T13:54:50","modified_gmt":"2023-05-28T13:54:50","slug":"adoptez-un-bichon","status":"publish","type":"page","link":"https:\/\/www.bouledepoils.be\/adoption\/adoptez-un-bichon\/","title":{"rendered":"Adoptez un bichon"},"content":{"rendered":"<section class=\"l-section wpb_row us_custom_6df4bc3a mainphoto has_text_color height_large full_height valign_center with_img\"><div class=\"l-section-img\" role=\"img\" aria-label=\"Image\" data-img-width=\"1920\" data-img-height=\"979\" style=\"background-image: url(https:\/\/www.bouledepoils.be\/adoption\/wp-content\/uploads\/2022\/09\/bg-dark-blue.jpg);\"><\/div><div class=\"l-section-h i-cf\"><div class=\"g-cols vc_row via_flex valign_top type_default stacking_default\"><div class=\"vc_col-sm-12 wpb_column vc_column_container\"><div class=\"vc_column-inner\"><div class=\"wpb_wrapper\"><div class=\"wpb_text_column us_custom_1af4186f\"><div class=\"wpb_wrapper\"><h1>Adoptez un Bichon<\/h1>\n<\/div><\/div><div class=\"w-hwrapper us_custom_2bd5c50f valign_middle align_left\" style=\"--hwrapper-gap:10px\"><div class=\"w-image us_custom_f3edebd6 align_none\"><div class=\"w-image-h\"><img decoding=\"async\" width=\"53\" height=\"49\" src=\"https:\/\/www.bouledepoils.be\/adoption\/wp-content\/uploads\/2022\/09\/phone-icon.png\" class=\"attachment-full size-full\" alt=\"\" loading=\"lazy\" \/><\/div><\/div><div class=\"wpb_text_column us_custom_5fb58139\"><div class=\"wpb_wrapper\"><p>+ 32 484 24 67 50<\/p>\n<\/div><\/div><\/div><div class=\"w-btn-wrapper align_none\"><a class=\"w-btn us-btn-style_3\" href=\"#contact\"><span class=\"w-btn-label\">NOUS CONTACTER<\/span><\/a><\/div><\/div><\/div><\/div><\/div><\/div><\/section><section class=\"l-section wpb_row us_custom_f37aca33 height_large\"><div class=\"l-section-h i-cf\"><div class=\"g-cols vc_row via_flex valign_top type_default stacking_default\"><div class=\"vc_col-sm-12 wpb_column vc_column_container\"><div class=\"vc_column-inner\"><div class=\"wpb_wrapper\"><div class=\"g-cols wpb_row via_flex valign_middle type_default reversed stacking_default\"><div class=\"vc_col-sm-6 wpb_column vc_column_container\"><div class=\"vc_column-inner us_custom_a640122a us_animate_this\"><div class=\"wpb_wrapper\"><div class=\"w-image align_center\"><div class=\"w-image-h\"><img decoding=\"async\" width=\"650\" height=\"450\" src=\"https:\/\/www.bouledepoils.be\/adoption\/wp-content\/uploads\/2022\/11\/petit-bichon.jpg\" class=\"attachment-full size-full\" alt=\"\" loading=\"lazy\" srcset=\"https:\/\/www.bouledepoils.be\/adoption\/wp-content\/uploads\/2022\/11\/petit-bichon.jpg 650w, https:\/\/www.bouledepoils.be\/adoption\/wp-content\/uploads\/2022\/11\/petit-bichon-300x208.jpg 300w\" sizes=\"auto, (max-width: 650px) 100vw, 650px\" \/><\/div><\/div><\/div><\/div><\/div><div class=\"vc_col-sm-6 wpb_column vc_column_container border-right\"><div class=\"vc_column-inner us_custom_d628d18a us_animate_this\"><div class=\"wpb_wrapper\"><div class=\"wpb_text_column\"><div class=\"wpb_wrapper\"><h2>Elevage familial responsable et agr\u00e9\u00e9 de Bichons<\/h2>\n<\/div><\/div><div class=\"w-iconbox us_custom_020a0a97 iconpos_left style_default color_primary align_left no_title icontype_img\"><div class=\"w-iconbox-icon\" style=\"font-size:56px;\"><img loading=\"lazy\" decoding=\"async\" width=\"65\" height=\"65\" src=\"https:\/\/www.bouledepoils.be\/adoption\/wp-content\/uploads\/2022\/09\/icon-1.png\" class=\"attachment-full size-full\" alt=\"\" \/><\/div><div class=\"w-iconbox-meta\"><div class=\"w-iconbox-text\"><p>Suivis par des v\u00e9t\u00e9rinaires<\/p>\n<\/div><\/div><\/div><div class=\"w-iconbox us_custom_df9cd312 iconpos_left style_default color_primary align_left no_title icontype_img\"><div class=\"w-iconbox-icon\" style=\"font-size:56px;\"><img loading=\"lazy\" decoding=\"async\" width=\"65\" height=\"65\" src=\"https:\/\/www.bouledepoils.be\/adoption\/wp-content\/uploads\/2022\/09\/icon-2.png\" class=\"attachment-full size-full\" alt=\"\" \/><\/div><div class=\"w-iconbox-meta\"><div class=\"w-iconbox-text\"><p>Garantie de bonne sant\u00e9<\/p>\n<\/div><\/div><\/div><div class=\"w-iconbox us_custom_df9cd312 iconpos_left style_default color_primary align_left no_title icontype_img\"><div class=\"w-iconbox-icon\" style=\"font-size:56px;\"><img loading=\"lazy\" decoding=\"async\" width=\"65\" height=\"65\" src=\"https:\/\/www.bouledepoils.be\/adoption\/wp-content\/uploads\/2022\/09\/icon-3.png\" class=\"attachment-full size-full\" alt=\"\" \/><\/div><div class=\"w-iconbox-meta\"><div class=\"w-iconbox-text\"><p>Conseils pr\u00e9 et post adoption<\/p>\n<\/div><\/div><\/div><\/div><\/div><\/div><\/div><div class=\"g-cols wpb_row us_custom_ef3e53cb via_flex valign_top type_default stacking_default\"><div class=\"vc_col-sm-7 wpb_column vc_column_container border-left\"><div class=\"vc_column-inner us_custom_a640122a us_animate_this\"><div class=\"wpb_wrapper\"><div class=\"wpb_text_column us_custom_432d3f53\"><div class=\"wpb_wrapper\"><h2 style=\"text-align: left;\">Le Bichon est-il fait pour vous ?<\/h2>\n<p class=\"p1\"><span class=\"s1\">Le Bichon est un\u00a0petit chien enjou\u00e9 et doux. Dot\u00e9 d&#8217;une\u00a0grande intelligence, il est\u00a0tr\u00e8s vif et tr\u00e8s attach\u00e9 \u00e0 son ma\u00eetre. Capable de vivre \u00e0 la ville comme \u00e0 la campagne, c&#8217;est un\u00a0bon compagnon de jeu<\/span><span class=\"s2\">\u00a0<\/span><span class=\"s1\">pour les enfants.\u00a0Sa bonhomie peut parfois faire sourire. De plus, il appr\u00e9cie la pr\u00e9sence de cong\u00e9n\u00e8res et d\u2019autres animaux.<\/span><\/p>\n<p class=\"p1\"><span class=\"s4\">C&#8217;est un compagnon peu compliqu\u00e9 : jouer ensemble, faire des excursions ou se d\u00e9tendre ensemble, le bichon r\u00e9pand toujours la bonne humeur, tant qu&#8217;il est en compagnie de son ma\u00eetre ador\u00e9.<\/span><span class=\"s5\"><span class=\"Apple-converted-space\">\u00a0<\/span><\/span><\/p>\n<\/div><\/div><\/div><\/div><\/div><div class=\"vc_col-sm-5 wpb_column vc_column_container\"><div class=\"vc_column-inner us_custom_d628d18a us_animate_this\"><div class=\"wpb_wrapper\"><div class=\"w-image align_center\"><div class=\"w-image-h\"><img decoding=\"async\" width=\"600\" height=\"395\" src=\"https:\/\/www.bouledepoils.be\/adoption\/wp-content\/uploads\/2022\/11\/petit-bichon-couche.jpg\" class=\"attachment-full size-full\" alt=\"\" loading=\"lazy\" srcset=\"https:\/\/www.bouledepoils.be\/adoption\/wp-content\/uploads\/2022\/11\/petit-bichon-couche.jpg 600w, https:\/\/www.bouledepoils.be\/adoption\/wp-content\/uploads\/2022\/11\/petit-bichon-couche-300x198.jpg 300w\" sizes=\"auto, (max-width: 600px) 100vw, 600px\" \/><\/div><\/div><\/div><\/div><\/div><\/div><div class=\"w-separator us_custom_22e19522 size_custom with_line width_default thick_5 style_solid color_border align_center\" style=\"height:80px\"><div class=\"w-separator-h\"><\/div><\/div><div class=\"wpb_text_column us_custom_40824568\"><div class=\"wpb_wrapper\"><h2>NOUS AVONS DES CHIOTS BICHON (MALTAIS ET HAVANAIS) DE DISPONIBLES !<\/h2>\n<\/div><\/div><\/div><\/div><\/div><\/div><\/div><\/section><section class=\"l-section wpb_row height_auto width_full\"><div class=\"l-section-h i-cf\"><div class=\"g-cols vc_row via_flex valign_top type_default stacking_default\"><div class=\"vc_col-sm-12 wpb_column vc_column_container\"><div class=\"vc_column-inner\"><div class=\"wpb_wrapper\"><div class=\"w-grid us_grid us_custom_cebc4261 type_grid layout_gallery_default cols_6 preload_style_spinner ratio_4x3\" id=\"us_grid_1\" style=\"--columns:6;--gap:8px;--item-ratio:0.75;\" data-filterable=\"true\"><style>@media (max-width:1280px){#us_grid_1{--columns:3!important}}@media (max-width:1024px){#us_grid_1{--columns:2!important}}@media (max-width:767px){#us_grid_1{--columns:1!important}}.layout_gallery_default .w-grid-item-h{}<\/style><div class=\"w-grid-list\">\t<article class=\"w-grid-item size_1x1 post-145 attachment type-attachment status-inherit hentry\" data-id=\"145\">\r\n\t\t<div class=\"w-grid-item-h\">\r\n\t\t\t\t\t\t<div class=\"w-post-elm post_image usg_post_image_1 stretched\"><img loading=\"lazy\" decoding=\"async\" width=\"400\" height=\"300\" src=\"https:\/\/www.bouledepoils.be\/adoption\/wp-content\/uploads\/2022\/10\/Photo-5-1-e1666773760954-400x300.jpg\" class=\"attachment-us_400_300_crop size-us_400_300_crop\" alt=\"\" srcset=\"https:\/\/www.bouledepoils.be\/adoption\/wp-content\/uploads\/2022\/10\/Photo-5-1-e1666773760954.jpg 400w, https:\/\/www.bouledepoils.be\/adoption\/wp-content\/uploads\/2022\/10\/Photo-5-1-e1666773760954-300x225.jpg 300w\" sizes=\"auto, (max-width: 400px) 100vw, 400px\" \/><\/div>\t\t<\/div>\r\n\t\t\t<\/article>\r\n\t<article class=\"w-grid-item size_1x1 post-144 attachment type-attachment status-inherit hentry\" data-id=\"144\">\r\n\t\t<div class=\"w-grid-item-h\">\r\n\t\t\t\t\t\t<div class=\"w-post-elm post_image usg_post_image_1 stretched\"><img loading=\"lazy\" decoding=\"async\" width=\"400\" height=\"300\" src=\"https:\/\/www.bouledepoils.be\/adoption\/wp-content\/uploads\/2022\/10\/Photo-4-1-e1666773961162-400x300.jpg\" class=\"attachment-us_400_300_crop size-us_400_300_crop\" alt=\"\" srcset=\"https:\/\/www.bouledepoils.be\/adoption\/wp-content\/uploads\/2022\/10\/Photo-4-1-e1666773961162.jpg 400w, https:\/\/www.bouledepoils.be\/adoption\/wp-content\/uploads\/2022\/10\/Photo-4-1-e1666773961162-300x225.jpg 300w\" sizes=\"auto, (max-width: 400px) 100vw, 400px\" \/><\/div>\t\t<\/div>\r\n\t\t\t<\/article>\r\n\t<article class=\"w-grid-item size_1x1 post-146 attachment type-attachment status-inherit hentry\" data-id=\"146\">\r\n\t\t<div class=\"w-grid-item-h\">\r\n\t\t\t\t\t\t<div class=\"w-post-elm post_image usg_post_image_1 stretched\"><img loading=\"lazy\" decoding=\"async\" width=\"400\" height=\"300\" src=\"https:\/\/www.bouledepoils.be\/adoption\/wp-content\/uploads\/2022\/10\/Photo-6-1-e1666773615207-400x300.jpg\" class=\"attachment-us_400_300_crop size-us_400_300_crop\" alt=\"\" srcset=\"https:\/\/www.bouledepoils.be\/adoption\/wp-content\/uploads\/2022\/10\/Photo-6-1-e1666773615207.jpg 400w, https:\/\/www.bouledepoils.be\/adoption\/wp-content\/uploads\/2022\/10\/Photo-6-1-e1666773615207-300x225.jpg 300w\" sizes=\"auto, (max-width: 400px) 100vw, 400px\" \/><\/div>\t\t<\/div>\r\n\t\t\t<\/article>\r\n\t<article class=\"w-grid-item size_1x1 post-149 attachment type-attachment status-inherit hentry\" data-id=\"149\">\r\n\t\t<div class=\"w-grid-item-h\">\r\n\t\t\t\t\t\t<div class=\"w-post-elm post_image usg_post_image_1 stretched\"><img loading=\"lazy\" decoding=\"async\" width=\"400\" height=\"300\" src=\"https:\/\/www.bouledepoils.be\/adoption\/wp-content\/uploads\/2022\/10\/Photo-7-3-scaled-e1666774074217-400x300.jpg\" class=\"attachment-us_400_300_crop size-us_400_300_crop\" alt=\"\" srcset=\"https:\/\/www.bouledepoils.be\/adoption\/wp-content\/uploads\/2022\/10\/Photo-7-3-scaled-e1666774074217-400x300.jpg 400w, https:\/\/www.bouledepoils.be\/adoption\/wp-content\/uploads\/2022\/10\/Photo-7-3-scaled-e1666774074217-1024x770.jpg 1024w\" sizes=\"auto, (max-width: 400px) 100vw, 400px\" \/><\/div>\t\t<\/div>\r\n\t\t\t<\/article>\r\n\t<article class=\"w-grid-item size_1x1 post-244 attachment type-attachment status-inherit hentry\" data-id=\"244\">\r\n\t\t<div class=\"w-grid-item-h\">\r\n\t\t\t\t\t\t<div class=\"w-post-elm post_image usg_post_image_1 stretched\"><img loading=\"lazy\" decoding=\"async\" width=\"400\" height=\"300\" src=\"https:\/\/www.bouledepoils.be\/adoption\/wp-content\/uploads\/2022\/11\/havanais-e1667809804842-400x300.jpg\" class=\"attachment-us_400_300_crop size-us_400_300_crop\" alt=\"\" srcset=\"https:\/\/www.bouledepoils.be\/adoption\/wp-content\/uploads\/2022\/11\/havanais-e1667809804842.jpg 400w, https:\/\/www.bouledepoils.be\/adoption\/wp-content\/uploads\/2022\/11\/havanais-e1667809804842-300x225.jpg 300w\" sizes=\"auto, (max-width: 400px) 100vw, 400px\" \/><\/div>\t\t<\/div>\r\n\t\t\t<\/article>\r\n\t<article class=\"w-grid-item size_1x1 post-246 attachment type-attachment status-inherit hentry\" data-id=\"246\">\r\n\t\t<div class=\"w-grid-item-h\">\r\n\t\t\t\t\t\t<div class=\"w-post-elm post_image usg_post_image_1 stretched\"><img loading=\"lazy\" decoding=\"async\" width=\"400\" height=\"300\" src=\"https:\/\/www.bouledepoils.be\/adoption\/wp-content\/uploads\/2022\/11\/havansky-scaled-e1667809936955-400x300.jpg\" class=\"attachment-us_400_300_crop size-us_400_300_crop\" alt=\"\" srcset=\"https:\/\/www.bouledepoils.be\/adoption\/wp-content\/uploads\/2022\/11\/havansky-scaled-e1667809936955.jpg 400w, https:\/\/www.bouledepoils.be\/adoption\/wp-content\/uploads\/2022\/11\/havansky-scaled-e1667809936955-300x225.jpg 300w\" sizes=\"auto, (max-width: 400px) 100vw, 400px\" \/><\/div>\t\t<\/div>\r\n\t\t\t<\/article>\r\n<\/div>\t<div class=\"w-grid-preloader\">\r\n\t\t<div class=\"g-preloader type_1\">\r\n\t\t\t<div><\/div>\r\n\t\t<\/div>\r\n\t<\/div>\r\n\t\t<div class=\"w-grid-json hidden\" onclick='return {&quot;action&quot;:&quot;us_ajax_grid&quot;,&quot;infinite_scroll&quot;:0,&quot;max_num_pages&quot;:1,&quot;pagination&quot;:&quot;none&quot;,&quot;template_vars&quot;:{&quot;columns&quot;:&quot;6&quot;,&quot;exclude_items&quot;:&quot;none&quot;,&quot;img_size&quot;:&quot;us_400_300_crop&quot;,&quot;ignore_items_size&quot;:0,&quot;items_layout&quot;:&quot;gallery_default&quot;,&quot;items_offset&quot;:&quot;1&quot;,&quot;load_animation&quot;:&quot;none&quot;,&quot;overriding_link&quot;:&quot;{\\&quot;url\\&quot;:\\&quot;\\&quot;}&quot;,&quot;post_id&quot;:0,&quot;query_args&quot;:{&quot;post_type&quot;:[&quot;attachment&quot;],&quot;post__in&quot;:[&quot;145&quot;,&quot;144&quot;,&quot;146&quot;,&quot;149&quot;,&quot;244&quot;,&quot;246&quot;],&quot;post_status&quot;:&quot;inherit&quot;,&quot;post_mime_type&quot;:&quot;image&quot;,&quot;posts_per_page&quot;:&quot;10&quot;},&quot;orderby_query_args&quot;:{&quot;orderby&quot;:{&quot;post__in&quot;:&quot;ASC&quot;},&quot;order&quot;:&quot;ASC&quot;},&quot;type&quot;:&quot;grid&quot;,&quot;us_grid_post_type&quot;:&quot;attachment&quot;,&quot;us_grid_ajax_index&quot;:1,&quot;us_grid_filter_query_string&quot;:null,&quot;us_grid_index&quot;:1,&quot;page_args&quot;:[]}}'><\/div>\r\n\t<\/div><\/div><\/div><\/div><\/div><\/div><\/section><section class=\"l-section wpb_row height_large with_img\"><div class=\"l-section-img\" role=\"img\" aria-label=\"Image\" data-img-width=\"1920\" data-img-height=\"1033\" style=\"background-image: url(https:\/\/www.bouledepoils.be\/adoption\/wp-content\/uploads\/2022\/09\/bg-light-blue.jpg);\"><\/div><div class=\"l-section-h i-cf\"><div class=\"g-cols vc_row via_flex valign_top type_default stacking_default\"><div class=\"vc_col-sm-12 wpb_column vc_column_container\"><div class=\"vc_column-inner\"><div class=\"wpb_wrapper\"><div class=\"wpb_text_column us_custom_eb849559\"><div class=\"wpb_wrapper\"><h2>Ils ont adopt\u00e9 un Bichon<\/h2>\n<\/div><\/div><div class=\"w-grid us_grid us_custom_f131eb18 type_grid layout_69 cols_3 preload_style_spinner\" id=\"us_grid_2\" style=\"--columns:3;--gap:20px;\" data-filterable=\"true\"><style>@media (max-width:1024px){#us_grid_2{--columns:2!important}}@media (max-width:767px){#us_grid_2{--columns:1!important}}.layout_69 .w-grid-item-h{background:#ffffff}.layout_69 .usg_post_image_1{width:100%!important;margin-bottom:0!important;padding-bottom:0!important}.layout_69 .usg_vwrapper_1{padding:30px!important}.layout_69 .usg_post_content_1{text-align:justify!important;line-height:24px!important}.layout_69 .usg_post_title_1{font-weight:700!important}<\/style><div class=\"w-grid-list\">\t<article class=\"w-grid-item size_1x1 post-138 us_portfolio type-us_portfolio status-publish has-post-thumbnail hentry us_portfolio_category-bichon\" data-id=\"138\">\r\n\t\t<div class=\"w-grid-item-h\">\r\n\t\t\t\t\t\t<div class=\"w-post-elm post_image usg_post_image_1 has_width stretched\"><img loading=\"lazy\" decoding=\"async\" width=\"410\" height=\"310\" src=\"https:\/\/www.bouledepoils.be\/adoption\/wp-content\/uploads\/2022\/10\/Photo-10-e1666772616281.jpg\" class=\"attachment-full size-full wp-post-image\" alt=\"\" srcset=\"https:\/\/www.bouledepoils.be\/adoption\/wp-content\/uploads\/2022\/10\/Photo-10-e1666772616281.jpg 410w, https:\/\/www.bouledepoils.be\/adoption\/wp-content\/uploads\/2022\/10\/Photo-10-e1666772616281-300x227.jpg 300w\" sizes=\"auto, (max-width: 410px) 100vw, 410px\" \/><\/div><div class=\"w-vwrapper usg_vwrapper_1 align_none valign_top\"><div class=\"w-image usg_image_1\"><div class=\"w-image-h\"><img decoding=\"async\" width=\"211\" height=\"28\" src=\"https:\/\/www.bouledepoils.be\/adoption\/wp-content\/uploads\/2022\/09\/hearts.png\" class=\"attachment-full size-full\" alt=\"\" loading=\"lazy\" \/><\/div><\/div><div class=\"w-post-elm post_content usg_post_content_1 without_sections\"><p class=\"p1\">Je tenais juste \u00e0 vous rassurer, Pirate se porte \u00e0 merveille, il est heureux et adore voyager (il a d\u00e9j\u00e0 visit\u00e9 15 pays) ! Merci d&#8217;avoir r\u00e9alis\u00e9 mon r\u00eave.<\/p>\n<\/div><p class=\"w-post-elm post_title usg_post_title_1 align_left entry-title color_link_inherit\">Marie Danielle et les enfants<\/p><\/div>\t\t<\/div>\r\n\t\t\t<\/article>\r\n\t<article class=\"w-grid-item size_1x1 post-135 us_portfolio type-us_portfolio status-publish has-post-thumbnail hentry us_portfolio_category-bichon\" data-id=\"135\">\r\n\t\t<div class=\"w-grid-item-h\">\r\n\t\t\t\t\t\t<div class=\"w-post-elm post_image usg_post_image_1 has_width stretched\"><img loading=\"lazy\" decoding=\"async\" width=\"410\" height=\"311\" src=\"https:\/\/www.bouledepoils.be\/adoption\/wp-content\/uploads\/2022\/10\/Photo-9-e1666772625180.jpg\" class=\"attachment-full size-full wp-post-image\" alt=\"\" srcset=\"https:\/\/www.bouledepoils.be\/adoption\/wp-content\/uploads\/2022\/10\/Photo-9-e1666772625180.jpg 410w, https:\/\/www.bouledepoils.be\/adoption\/wp-content\/uploads\/2022\/10\/Photo-9-e1666772625180-300x228.jpg 300w\" sizes=\"auto, (max-width: 410px) 100vw, 410px\" \/><\/div><div class=\"w-vwrapper usg_vwrapper_1 align_none valign_top\"><div class=\"w-image usg_image_1\"><div class=\"w-image-h\"><img decoding=\"async\" width=\"211\" height=\"28\" src=\"https:\/\/www.bouledepoils.be\/adoption\/wp-content\/uploads\/2022\/09\/hearts.png\" class=\"attachment-full size-full\" alt=\"\" loading=\"lazy\" \/><\/div><\/div><div class=\"w-post-elm post_content usg_post_content_1 without_sections\"><p class=\"p1\">Voici Tomy, ma boule de poils qui vient de chez vous. Je suis fi\u00e8re aujourd&#8217;hui de vous faire part de son \u00e9volution pour ses 2 ans. Il est beau, et il le sait tr\u00e8s bien. C&#8217;est ma moiti\u00e9, ma raison de vivre, merci pour lui !<span class=\"Apple-converted-space\">\u00a0<\/span><\/p>\n<\/div><p class=\"w-post-elm post_title usg_post_title_1 align_left entry-title color_link_inherit\">Charlotte<\/p><\/div>\t\t<\/div>\r\n\t\t\t<\/article>\r\n\t<article class=\"w-grid-item size_1x1 post-129 us_portfolio type-us_portfolio status-publish has-post-thumbnail hentry us_portfolio_category-bichon\" data-id=\"129\">\r\n\t\t<div class=\"w-grid-item-h\">\r\n\t\t\t\t\t\t<div class=\"w-post-elm post_image usg_post_image_1 has_width stretched\"><img loading=\"lazy\" decoding=\"async\" width=\"390\" height=\"295\" src=\"https:\/\/www.bouledepoils.be\/adoption\/wp-content\/uploads\/2022\/10\/Photo-8-e1666775027339.jpg\" class=\"attachment-full size-full wp-post-image\" alt=\"\" srcset=\"https:\/\/www.bouledepoils.be\/adoption\/wp-content\/uploads\/2022\/10\/Photo-8-e1666775027339.jpg 390w, https:\/\/www.bouledepoils.be\/adoption\/wp-content\/uploads\/2022\/10\/Photo-8-e1666775027339-300x227.jpg 300w\" sizes=\"auto, (max-width: 390px) 100vw, 390px\" \/><\/div><div class=\"w-vwrapper usg_vwrapper_1 align_none valign_top\"><div class=\"w-image usg_image_1\"><div class=\"w-image-h\"><img decoding=\"async\" width=\"211\" height=\"28\" src=\"https:\/\/www.bouledepoils.be\/adoption\/wp-content\/uploads\/2022\/09\/hearts.png\" class=\"attachment-full size-full\" alt=\"\" loading=\"lazy\" \/><\/div><\/div><div class=\"w-post-elm post_content usg_post_content_1 without_sections\"><p class=\"p1\">Bonjour, voici notre Priska, elle est notre petite princesse. Elle ne fait aucun d\u00e9g\u00e2t et sa sant\u00e9 est au top. Je vous remercie de votre gentillesse et de vos conseils.<\/p>\n<\/div><p class=\"w-post-elm post_title usg_post_title_1 align_left entry-title color_link_inherit\">Anne et Fred<\/p><\/div>\t\t<\/div>\r\n\t\t\t<\/article>\r\n<\/div>\t<div class=\"w-grid-preloader\">\r\n\t\t<div class=\"g-preloader type_1\">\r\n\t\t\t<div><\/div>\r\n\t\t<\/div>\r\n\t<\/div>\r\n\t\t<div class=\"w-grid-json hidden\" onclick='return {&quot;action&quot;:&quot;us_ajax_grid&quot;,&quot;infinite_scroll&quot;:0,&quot;max_num_pages&quot;:1,&quot;pagination&quot;:&quot;none&quot;,&quot;template_vars&quot;:{&quot;columns&quot;:&quot;3&quot;,&quot;exclude_items&quot;:&quot;none&quot;,&quot;img_size&quot;:&quot;default&quot;,&quot;ignore_items_size&quot;:0,&quot;items_layout&quot;:&quot;69&quot;,&quot;items_offset&quot;:&quot;1&quot;,&quot;load_animation&quot;:&quot;none&quot;,&quot;overriding_link&quot;:&quot;{\\&quot;url\\&quot;:\\&quot;\\&quot;}&quot;,&quot;post_id&quot;:0,&quot;query_args&quot;:{&quot;post_type&quot;:[&quot;us_portfolio&quot;],&quot;tax_query&quot;:[{&quot;taxonomy&quot;:&quot;us_portfolio_category&quot;,&quot;field&quot;:&quot;slug&quot;,&quot;terms&quot;:[&quot;bichon&quot;]}],&quot;post_status&quot;:[&quot;publish&quot;],&quot;posts_per_page&quot;:&quot;10&quot;},&quot;orderby_query_args&quot;:{&quot;orderby&quot;:{&quot;date&quot;:&quot;DESC&quot;}},&quot;type&quot;:&quot;grid&quot;,&quot;us_grid_post_type&quot;:&quot;us_portfolio&quot;,&quot;us_grid_ajax_index&quot;:2,&quot;us_grid_filter_query_string&quot;:null,&quot;us_grid_index&quot;:2,&quot;page_args&quot;:[]}}'><\/div>\r\n\t<\/div><\/div><\/div><\/div><\/div><\/div><\/section><section class=\"l-section wpb_row height_large with_img\" id=\"contact\"><div class=\"l-section-img\" role=\"img\" aria-label=\"Image\" data-img-width=\"1920\" data-img-height=\"979\" style=\"background-image: url(https:\/\/www.bouledepoils.be\/adoption\/wp-content\/uploads\/2022\/09\/bg-dark-blue.jpg);\"><\/div><div class=\"l-section-h i-cf\"><div class=\"g-cols vc_row via_flex valign_middle type_default stacking_default\"><div class=\"vc_col-sm-5 wpb_column vc_column_container has_text_color\"><div class=\"vc_column-inner us_custom_6df4bc3a\"><div class=\"wpb_wrapper\"><div class=\"wpb_text_column us_custom_41e14435\"><div class=\"wpb_wrapper\"><h2 style=\"text-align: left;\">Adoptez un Bichon<\/h2>\n<p>Vous d\u00e9sirez discuter avec nous d\u2019une possible adoption d\u2019un chiot Bichon ? N\u2019h\u00e9sitez pas \u00e0 compl\u00e9ter le formulaire de contact.<\/p>\n<p>Vous pouvez \u00e9galement nous appeler directement.<\/p>\n<\/div><\/div><div class=\"w-btn-wrapper align_none\"><a class=\"w-btn us-btn-style_3\" href=\"tel:+32484246750\"><span class=\"w-btn-label\">Nous appeler<\/span><\/a><\/div><\/div><\/div><\/div><div class=\"vc_col-sm-7 wpb_column vc_column_container\"><div class=\"vc_column-inner\"><div class=\"wpb_wrapper\"><div class=\"g-cols wpb_row us_custom_668154aa via_flex valign_top type_boxes stacking_default\"><div class=\"vc_col-sm-12 wpb_column vc_column_container\"><div class=\"vc_column-inner\"><div class=\"wpb_wrapper\"><div class=\"wpb_text_column us_custom_3b7af15d\"><div class=\"wpb_wrapper\"><h2>Formulaire de contact<\/h2>\n<\/div><\/div>\n<div class=\"wpcf7 no-js\" id=\"wpcf7-f5-o1\" lang=\"en-US\" dir=\"ltr\" data-wpcf7-id=\"5\">\n<div class=\"screen-reader-response\"><p role=\"status\" aria-live=\"polite\" aria-atomic=\"true\"><\/p> <ul><\/ul><\/div>\n<form action=\"\/adoption\/wp-json\/wp\/v2\/pages\/126#wpcf7-f5-o1\" method=\"post\" class=\"wpcf7-form init\" aria-label=\"Contact form\" novalidate=\"novalidate\" data-status=\"init\">\n<fieldset class=\"hidden-fields-container\"><input type=\"hidden\" name=\"_wpcf7\" value=\"5\" \/><input type=\"hidden\" name=\"_wpcf7_version\" value=\"6.1.4\" \/><input type=\"hidden\" name=\"_wpcf7_locale\" value=\"en_US\" \/><input type=\"hidden\" name=\"_wpcf7_unit_tag\" value=\"wpcf7-f5-o1\" \/><input type=\"hidden\" name=\"_wpcf7_container_post\" value=\"0\" \/><input type=\"hidden\" name=\"_wpcf7_posted_data_hash\" value=\"\" \/>\n<\/fieldset>\n<p class=\"form-lft\"><span class=\"wpcf7-form-control-wrap\" data-name=\"prenom\"><input size=\"40\" maxlength=\"400\" class=\"wpcf7-form-control wpcf7-text\" aria-invalid=\"false\" placeholder=\"Pr\u00e9nom\" value=\"\" type=\"text\" name=\"prenom\" \/><\/span>\n<\/p>\n<p class=\"form-rgt\"><span class=\"wpcf7-form-control-wrap\" data-name=\"your-name\"><input size=\"40\" maxlength=\"400\" class=\"wpcf7-form-control wpcf7-text\" aria-invalid=\"false\" placeholder=\"Nom\" value=\"\" type=\"text\" name=\"your-name\" \/><\/span>\n<\/p>\n<p class=\"form-lft\"><span class=\"wpcf7-form-control-wrap\" data-name=\"numero\"><input size=\"40\" maxlength=\"400\" class=\"wpcf7-form-control wpcf7-tel wpcf7-text wpcf7-validates-as-tel\" aria-invalid=\"false\" placeholder=\"Num\u00e9ro\" value=\"\" type=\"tel\" name=\"numero\" \/><\/span>\n<\/p>\n<p class=\"form-rgt\"><span class=\"wpcf7-form-control-wrap\" data-name=\"your-email\"><input size=\"40\" maxlength=\"400\" class=\"wpcf7-form-control wpcf7-email wpcf7-validates-as-required wpcf7-text wpcf7-validates-as-email\" aria-required=\"true\" aria-invalid=\"false\" placeholder=\"Mail\" value=\"\" type=\"email\" name=\"your-email\" \/><\/span>\n<\/p>\n<p><span class=\"wpcf7-form-control-wrap\" data-name=\"your-message\"><textarea cols=\"40\" rows=\"10\" maxlength=\"2000\" class=\"wpcf7-form-control wpcf7-textarea\" aria-invalid=\"false\" placeholder=\"Votre Message\" name=\"your-message\"><\/textarea><\/span>\n<\/p>\n<p class=\"align_center\"><input class=\"wpcf7-form-control wpcf7-submit has-spinner\" type=\"submit\" value=\"Envoyer\" \/>\n<\/p><div class=\"wpcf7-response-output\" aria-hidden=\"true\"><\/div>\n<\/form>\n<\/div>\n<\/div><\/div><\/div><\/div><\/div><\/div><\/div><\/div><\/div><\/section>\n","protected":false},"excerpt":{"rendered":"Bonjour, voici notre Priska, elle est notre petite princesse. Elle ne fait aucun d\u00e9g\u00e2t et sa sant\u00e9 est au top. Je vous remercie de votre gentillesse et de vos conseils.","protected":false},"author":2,"featured_media":0,"parent":0,"menu_order":0,"comment_status":"closed","ping_status":"closed","template":"","meta":{"footnotes":""},"class_list":["post-126","page","type-page","status-publish","hentry"],"_links":{"self":[{"href":"https:\/\/www.bouledepoils.be\/adoption\/wp-json\/wp\/v2\/pages\/126","targetHints":{"allow":["GET"]}}],"collection":[{"href":"https:\/\/www.bouledepoils.be\/adoption\/wp-json\/wp\/v2\/pages"}],"about":[{"href":"https:\/\/www.bouledepoils.be\/adoption\/wp-json\/wp\/v2\/types\/page"}],"author":[{"embeddable":true,"href":"https:\/\/www.bouledepoils.be\/adoption\/wp-json\/wp\/v2\/users\/2"}],"replies":[{"embeddable":true,"href":"https:\/\/www.bouledepoils.be\/adoption\/wp-json\/wp\/v2\/comments?post=126"}],"version-history":[{"count":18,"href":"https:\/\/www.bouledepoils.be\/adoption\/wp-json\/wp\/v2\/pages\/126\/revisions"}],"predecessor-version":[{"id":150,"href":"https:\/\/www.bouledepoils.be\/adoption\/wp-json\/wp\/v2\/pages\/126\/revisions\/150"}],"wp:attachment":[{"href":"https:\/\/www.bouledepoils.be\/adoption\/wp-json\/wp\/v2\/media?parent=126"}],"curies":[{"name":"wp","href":"https:\/\/api.w.org\/{rel}","templated":true}]}}