{"id":9238,"date":"2025-02-04T12:37:57","date_gmt":"2025-02-04T12:37:57","guid":{"rendered":"https:\/\/www.bouledepoils.be\/adoption\/?page_id=9238"},"modified":"2025-03-07T10:12:54","modified_gmt":"2025-03-07T10:12:54","slug":"adoptez-un-berger-australien-miniature","status":"publish","type":"page","link":"https:\/\/www.bouledepoils.be\/adoption\/adoptez-un-berger-australien-miniature\/","title":{"rendered":"Adoptez un Berger australien miniature"},"content":{"rendered":"<section class=\"l-section wpb_row us_custom_6df4bc3a mainphoto has_text_color height_large full_height valign_center with_img\"><div class=\"l-section-img\" role=\"img\" aria-label=\"Image\" data-img-width=\"1920\" data-img-height=\"1080\" style=\"background-image: url(https:\/\/www.bouledepoils.be\/adoption\/wp-content\/uploads\/2025\/03\/25.jpg);\"><\/div><div class=\"l-section-h i-cf\"><div class=\"g-cols vc_row via_flex valign_top type_default stacking_default\"><div class=\"vc_col-sm-12 wpb_column vc_column_container\"><div class=\"vc_column-inner\"><div class=\"wpb_wrapper\"><div class=\"wpb_text_column us_custom_df930ac1\"><div class=\"wpb_wrapper\"><h1>Adoptez un Berger<br \/>\nAustralien Miniature<br \/>\n(Berger am\u00e9ricain)<\/h1>\n<\/div><\/div><div class=\"w-hwrapper us_custom_2bd5c50f valign_middle align_left\" style=\"--hwrapper-gap:10px\"><div class=\"w-image us_custom_f3edebd6 align_none\"><div class=\"w-image-h\"><img decoding=\"async\" width=\"53\" height=\"49\" src=\"https:\/\/www.bouledepoils.be\/adoption\/wp-content\/uploads\/2022\/09\/phone-icon.png\" class=\"attachment-full size-full\" alt=\"\" loading=\"lazy\" \/><\/div><\/div><div class=\"wpb_text_column us_custom_5fb58139\"><div class=\"wpb_wrapper\"><p>+ 32 484 24 67 50<\/p>\n<\/div><\/div><\/div><div class=\"w-btn-wrapper align_none\"><a class=\"w-btn us-btn-style_4\" href=\"#contact\"><span class=\"w-btn-label\">NOUS CONTACTER<\/span><\/a><\/div><\/div><\/div><\/div><\/div><\/div><\/section><section class=\"l-section wpb_row us_custom_f37aca33 height_large\" id=\"elevage\"><div class=\"l-section-h i-cf\"><div class=\"g-cols vc_row via_flex valign_top type_default stacking_default\"><div class=\"vc_col-sm-12 wpb_column vc_column_container\"><div class=\"vc_column-inner\"><div class=\"wpb_wrapper\"><div class=\"g-cols wpb_row via_flex valign_middle type_default reversed stacking_default\"><div class=\"vc_col-sm-6 wpb_column vc_column_container\"><div class=\"vc_column-inner us_custom_a640122a us_animate_this\"><div class=\"wpb_wrapper\"><div class=\"w-image align_center\"><div class=\"w-image-h\"><img decoding=\"async\" width=\"577\" height=\"732\" src=\"https:\/\/www.bouledepoils.be\/adoption\/wp-content\/uploads\/2025\/02\/6.png\" class=\"attachment-full size-full\" alt=\"\" loading=\"lazy\" srcset=\"https:\/\/www.bouledepoils.be\/adoption\/wp-content\/uploads\/2025\/02\/6.png 577w, https:\/\/www.bouledepoils.be\/adoption\/wp-content\/uploads\/2025\/02\/6-236x300.png 236w\" sizes=\"auto, (max-width: 577px) 100vw, 577px\" \/><\/div><\/div><\/div><\/div><\/div><div class=\"vc_col-sm-6 wpb_column vc_column_container border-right\"><div class=\"vc_column-inner us_custom_d628d18a us_animate_this\"><div class=\"wpb_wrapper\"><div class=\"wpb_text_column\"><div class=\"wpb_wrapper\"><h2>Elevage familial responsable et agr\u00e9\u00e9 de Berger Australien Miniature (Berger Am\u00e9ricain)<\/h2>\n<\/div><\/div><div class=\"w-iconbox us_custom_020a0a97 iconpos_left style_default color_primary align_left no_title icontype_img\"><div class=\"w-iconbox-icon\" style=\"font-size:56px;\"><img loading=\"lazy\" decoding=\"async\" width=\"65\" height=\"65\" src=\"https:\/\/www.bouledepoils.be\/adoption\/wp-content\/uploads\/2022\/09\/icon-1.png\" class=\"attachment-full size-full\" alt=\"\" \/><\/div><div class=\"w-iconbox-meta\"><div class=\"w-iconbox-text\"><p>Suivis par des v\u00e9t\u00e9rinaires<\/p>\n<\/div><\/div><\/div><div class=\"w-iconbox us_custom_df9cd312 iconpos_left style_default color_primary align_left no_title icontype_img\"><div class=\"w-iconbox-icon\" style=\"font-size:56px;\"><img loading=\"lazy\" decoding=\"async\" width=\"65\" height=\"65\" src=\"https:\/\/www.bouledepoils.be\/adoption\/wp-content\/uploads\/2022\/09\/icon-2.png\" class=\"attachment-full size-full\" alt=\"\" \/><\/div><div class=\"w-iconbox-meta\"><div class=\"w-iconbox-text\"><p>Garantie de bonne sant\u00e9<\/p>\n<\/div><\/div><\/div><div class=\"w-iconbox us_custom_df9cd312 iconpos_left style_default color_primary align_left no_title icontype_img\"><div class=\"w-iconbox-icon\" style=\"font-size:56px;\"><img loading=\"lazy\" decoding=\"async\" width=\"65\" height=\"65\" src=\"https:\/\/www.bouledepoils.be\/adoption\/wp-content\/uploads\/2022\/09\/icon-3.png\" class=\"attachment-full size-full\" alt=\"\" \/><\/div><div class=\"w-iconbox-meta\"><div class=\"w-iconbox-text\"><p>Conseils pr\u00e9 et post adoption<\/p>\n<\/div><\/div><\/div><\/div><\/div><\/div><\/div><div class=\"g-cols wpb_row us_custom_ef3e53cb via_flex valign_top type_default stacking_default\" id=\"description\"><div class=\"vc_col-sm-7 wpb_column vc_column_container border-left\"><div class=\"vc_column-inner us_custom_a640122a us_animate_this\"><div class=\"wpb_wrapper\"><div class=\"wpb_text_column us_custom_432d3f53\"><div class=\"wpb_wrapper\"><h2 style=\"text-align: left;\">Berger Australien Miniature (Berger Am\u00e9ricain) : Un Compagnon d&#8217;Exception<\/h2>\n<p class=\"p1\">Le Berger Australien Miniature, \u00e9galement appel\u00e9 Berger Am\u00e9ricain, est un chien exceptionnel, \u00e0 la fois intelligent, incroyablement affectueux et vif. Sa taille compacte ( entre 35 et 46 cm au garrot ) en fait un compagnon id\u00e9al pour les familles actives, tout en conservant les qualit\u00e9s remarquables de son cousin, le Berger Australien.<\/p>\n<p class=\"p1\">Dans notre \u00e9levage, la sant\u00e9 de nos chiots est primordiale : tous les parents sont test\u00e9s pour les maladies g\u00e9n\u00e9tiques, ainsi que pour les dysplasies des hanches et des coudes, pour vous offrir un compagnon sain, \u00e9quilibr\u00e9 et \u00e9lev\u00e9 avec amour.<\/p>\n<\/div><\/div><\/div><\/div><\/div><div class=\"vc_col-sm-5 wpb_column vc_column_container\"><div class=\"vc_column-inner us_custom_d628d18a us_animate_this\"><div class=\"wpb_wrapper\"><div class=\"w-image align_center\"><div class=\"w-image-h\"><img decoding=\"async\" width=\"577\" height=\"732\" src=\"https:\/\/www.bouledepoils.be\/adoption\/wp-content\/uploads\/2025\/02\/7.png\" class=\"attachment-full size-full\" alt=\"\" loading=\"lazy\" srcset=\"https:\/\/www.bouledepoils.be\/adoption\/wp-content\/uploads\/2025\/02\/7.png 577w, https:\/\/www.bouledepoils.be\/adoption\/wp-content\/uploads\/2025\/02\/7-236x300.png 236w\" sizes=\"auto, (max-width: 577px) 100vw, 577px\" \/><\/div><\/div><\/div><\/div><\/div><\/div><div class=\"w-separator us_custom_22e19522 size_custom\" style=\"height:80px\"><\/div><div class=\"wpb_text_column\"><div class=\"wpb_wrapper\"><h2 style=\"text-align: center;\">NOUS AVONS DES CHIOTS DISPONIBLES !<\/h2>\n<\/div><\/div><\/div><\/div><\/div><\/div><\/div><\/section><section class=\"l-section wpb_row height_auto width_full\" id=\"chiots\"><div class=\"l-section-h i-cf\"><div class=\"g-cols vc_row via_flex valign_top type_default stacking_default\"><div class=\"vc_col-sm-12 wpb_column vc_column_container\"><div class=\"vc_column-inner\"><div class=\"wpb_wrapper\"><div class=\"w-grid us_grid us_custom_cebc4261 type_grid layout_gallery_default cols_6 preload_style_spinner ratio_4x3\" id=\"us_grid_1\" style=\"--columns:6;--gap:8px;--item-ratio:0.75;\" data-filterable=\"true\"><style>@media (max-width:1280px){#us_grid_1{--columns:3!important}}@media (max-width:1024px){#us_grid_1{--columns:2!important}}@media (max-width:767px){#us_grid_1{--columns:1!important}}.layout_gallery_default .w-grid-item-h{}<\/style><div class=\"w-grid-list\">\t<article class=\"w-grid-item size_1x1 post-9516 attachment type-attachment status-inherit hentry\" data-id=\"9516\">\r\n\t\t<div class=\"w-grid-item-h\">\r\n\t\t\t\t\t\t<div class=\"w-post-elm post_image usg_post_image_1 stretched\"><img loading=\"lazy\" decoding=\"async\" width=\"400\" height=\"300\" src=\"https:\/\/www.bouledepoils.be\/adoption\/wp-content\/uploads\/2025\/03\/6-4-400x300.jpg\" class=\"attachment-us_400_300_crop size-us_400_300_crop\" alt=\"\" \/><\/div>\t\t<\/div>\r\n\t\t\t<\/article>\r\n\t<article class=\"w-grid-item size_1x1 post-9517 attachment type-attachment status-inherit hentry\" data-id=\"9517\">\r\n\t\t<div class=\"w-grid-item-h\">\r\n\t\t\t\t\t\t<div class=\"w-post-elm post_image usg_post_image_1 stretched\"><img loading=\"lazy\" decoding=\"async\" width=\"400\" height=\"300\" src=\"https:\/\/www.bouledepoils.be\/adoption\/wp-content\/uploads\/2025\/03\/3-4-400x300.jpg\" class=\"attachment-us_400_300_crop size-us_400_300_crop\" alt=\"\" \/><\/div>\t\t<\/div>\r\n\t\t\t<\/article>\r\n\t<article class=\"w-grid-item size_1x1 post-9518 attachment type-attachment status-inherit hentry\" data-id=\"9518\">\r\n\t\t<div class=\"w-grid-item-h\">\r\n\t\t\t\t\t\t<div class=\"w-post-elm post_image usg_post_image_1 stretched\"><img loading=\"lazy\" decoding=\"async\" width=\"400\" height=\"300\" src=\"https:\/\/www.bouledepoils.be\/adoption\/wp-content\/uploads\/2025\/03\/berger-americain-dispo-400x300.jpg\" class=\"attachment-us_400_300_crop size-us_400_300_crop\" alt=\"\" \/><\/div>\t\t<\/div>\r\n\t\t\t<\/article>\r\n\t<article class=\"w-grid-item size_1x1 post-9519 attachment type-attachment status-inherit hentry\" data-id=\"9519\">\r\n\t\t<div class=\"w-grid-item-h\">\r\n\t\t\t\t\t\t<div class=\"w-post-elm post_image usg_post_image_1 stretched\"><img loading=\"lazy\" decoding=\"async\" width=\"400\" height=\"300\" src=\"https:\/\/www.bouledepoils.be\/adoption\/wp-content\/uploads\/2025\/03\/4-3-400x300.jpg\" class=\"attachment-us_400_300_crop size-us_400_300_crop\" alt=\"\" \/><\/div>\t\t<\/div>\r\n\t\t\t<\/article>\r\n\t<article class=\"w-grid-item size_1x1 post-9520 attachment type-attachment status-inherit hentry\" data-id=\"9520\">\r\n\t\t<div class=\"w-grid-item-h\">\r\n\t\t\t\t\t\t<div class=\"w-post-elm post_image usg_post_image_1 stretched\"><img loading=\"lazy\" decoding=\"async\" width=\"400\" height=\"300\" src=\"https:\/\/www.bouledepoils.be\/adoption\/wp-content\/uploads\/2025\/03\/5-3-400x300.jpg\" class=\"attachment-us_400_300_crop size-us_400_300_crop\" alt=\"\" \/><\/div>\t\t<\/div>\r\n\t\t\t<\/article>\r\n\t<article class=\"w-grid-item size_1x1 post-9521 attachment type-attachment status-inherit hentry\" data-id=\"9521\">\r\n\t\t<div class=\"w-grid-item-h\">\r\n\t\t\t\t\t\t<div class=\"w-post-elm post_image usg_post_image_1 stretched\"><img loading=\"lazy\" decoding=\"async\" width=\"400\" height=\"300\" src=\"https:\/\/www.bouledepoils.be\/adoption\/wp-content\/uploads\/2025\/03\/bam-1-400x300.jpg\" class=\"attachment-us_400_300_crop size-us_400_300_crop\" alt=\"\" \/><\/div>\t\t<\/div>\r\n\t\t\t<\/article>\r\n<\/div>\t<div class=\"w-grid-preloader\">\r\n\t\t<div class=\"g-preloader type_1\">\r\n\t\t\t<div><\/div>\r\n\t\t<\/div>\r\n\t<\/div>\r\n\t\t<div class=\"w-grid-json hidden\" onclick='return {&quot;action&quot;:&quot;us_ajax_grid&quot;,&quot;infinite_scroll&quot;:0,&quot;max_num_pages&quot;:1,&quot;pagination&quot;:&quot;none&quot;,&quot;template_vars&quot;:{&quot;columns&quot;:&quot;6&quot;,&quot;exclude_items&quot;:&quot;none&quot;,&quot;img_size&quot;:&quot;us_400_300_crop&quot;,&quot;ignore_items_size&quot;:0,&quot;items_layout&quot;:&quot;gallery_default&quot;,&quot;items_offset&quot;:&quot;1&quot;,&quot;load_animation&quot;:&quot;none&quot;,&quot;overriding_link&quot;:&quot;%7B%22url%22%3A%22%22%7D&quot;,&quot;post_id&quot;:0,&quot;query_args&quot;:{&quot;post_type&quot;:[&quot;attachment&quot;],&quot;post__in&quot;:[&quot;9516&quot;,&quot;9517&quot;,&quot;9518&quot;,&quot;9519&quot;,&quot;9520&quot;,&quot;9521&quot;],&quot;post_status&quot;:&quot;inherit&quot;,&quot;post_mime_type&quot;:&quot;image&quot;,&quot;posts_per_page&quot;:&quot;10&quot;},&quot;orderby_query_args&quot;:{&quot;orderby&quot;:{&quot;post__in&quot;:&quot;ASC&quot;},&quot;order&quot;:&quot;ASC&quot;},&quot;type&quot;:&quot;grid&quot;,&quot;us_grid_post_type&quot;:&quot;attachment&quot;,&quot;us_grid_ajax_index&quot;:1,&quot;us_grid_filter_query_string&quot;:null,&quot;us_grid_index&quot;:1,&quot;page_args&quot;:[]}}'><\/div>\r\n\t<\/div><\/div><\/div><\/div><\/div><\/div><\/section><section class=\"l-section wpb_row height_large with_img\" id=\"testimonial\"><div class=\"l-section-img\" role=\"img\" aria-label=\"Image\" data-img-width=\"1920\" data-img-height=\"1080\" style=\"background-image: url(https:\/\/www.bouledepoils.be\/adoption\/wp-content\/uploads\/2025\/01\/vert-clair.jpg);\"><\/div><div class=\"l-section-h i-cf\"><div class=\"g-cols vc_row via_flex valign_top type_default stacking_default\"><div class=\"vc_col-sm-12 wpb_column vc_column_container\"><div class=\"vc_column-inner\"><div class=\"wpb_wrapper\"><div class=\"wpb_text_column us_custom_eb849559\"><div class=\"wpb_wrapper\"><h2>Ils ont adopt\u00e9 un Berger Australien Miniature (Berger Am\u00e9ricain)<\/h2>\n<\/div><\/div><div class=\"w-grid us_grid us_custom_f131eb18 type_grid layout_69 cols_3 preload_style_spinner\" id=\"us_grid_2\" style=\"--columns:3;--gap:20px;\" data-filterable=\"true\"><style>@media (max-width:1024px){#us_grid_2{--columns:2!important}}@media (max-width:767px){#us_grid_2{--columns:1!important}}.layout_69 .w-grid-item-h{background:#ffffff}.layout_69 .usg_post_image_1{width:100%!important;margin-bottom:0!important;padding-bottom:0!important}.layout_69 .usg_vwrapper_1{padding:30px!important}.layout_69 .usg_post_content_1{text-align:justify!important;line-height:24px!important}.layout_69 .usg_post_title_1{font-weight:700!important}<\/style><div class=\"w-grid-list\">\t<article class=\"w-grid-item size_1x1 post-9251 us_portfolio type-us_portfolio status-publish has-post-thumbnail hentry us_portfolio_category-berger-australien-miniature\" data-id=\"9251\">\r\n\t\t<div class=\"w-grid-item-h\">\r\n\t\t\t\t\t\t<div class=\"w-post-elm post_image usg_post_image_1 has_width stretched\"><img loading=\"lazy\" decoding=\"async\" width=\"1405\" height=\"1362\" src=\"https:\/\/www.bouledepoils.be\/adoption\/wp-content\/uploads\/2025\/02\/scotty.jpg\" class=\"attachment-full size-full wp-post-image\" alt=\"\" srcset=\"https:\/\/www.bouledepoils.be\/adoption\/wp-content\/uploads\/2025\/02\/scotty.jpg 1405w, https:\/\/www.bouledepoils.be\/adoption\/wp-content\/uploads\/2025\/02\/scotty-300x291.jpg 300w, https:\/\/www.bouledepoils.be\/adoption\/wp-content\/uploads\/2025\/02\/scotty-1024x993.jpg 1024w\" sizes=\"auto, (max-width: 1405px) 100vw, 1405px\" \/><\/div><div class=\"w-vwrapper usg_vwrapper_1 align_none valign_top\"><div class=\"w-image usg_image_1\"><div class=\"w-image-h\"><img decoding=\"async\" width=\"211\" height=\"28\" src=\"https:\/\/www.bouledepoils.be\/adoption\/wp-content\/uploads\/2022\/09\/hearts.png\" class=\"attachment-full size-full\" alt=\"\" loading=\"lazy\" \/><\/div><\/div><div class=\"w-post-elm post_content usg_post_content_1 without_sections\"><p>Un immense merci \u00e0 vous pour cette exp\u00e9rience unique ! Toute la famille est conquise ! Nous<br \/>\navons \u00e9t\u00e9 merveilleusement bien accueillis et accompagn\u00e9s dans ce choix important.<\/p>\n<\/div><p class=\"w-post-elm post_title usg_post_title_1 align_left entry-title color_link_inherit\">Scotty<\/p><\/div>\t\t<\/div>\r\n\t\t\t<\/article>\r\n\t<article class=\"w-grid-item size_1x1 post-9249 us_portfolio type-us_portfolio status-publish has-post-thumbnail hentry us_portfolio_category-berger-australien-miniature\" data-id=\"9249\">\r\n\t\t<div class=\"w-grid-item-h\">\r\n\t\t\t\t\t\t<div class=\"w-post-elm post_image usg_post_image_1 has_width stretched\"><img loading=\"lazy\" decoding=\"async\" width=\"2048\" height=\"1536\" src=\"https:\/\/www.bouledepoils.be\/adoption\/wp-content\/uploads\/2025\/02\/Peggy.jpg\" class=\"attachment-full size-full wp-post-image\" alt=\"\" srcset=\"https:\/\/www.bouledepoils.be\/adoption\/wp-content\/uploads\/2025\/02\/Peggy.jpg 2048w, https:\/\/www.bouledepoils.be\/adoption\/wp-content\/uploads\/2025\/02\/Peggy-300x225.jpg 300w, https:\/\/www.bouledepoils.be\/adoption\/wp-content\/uploads\/2025\/02\/Peggy-1024x768.jpg 1024w, https:\/\/www.bouledepoils.be\/adoption\/wp-content\/uploads\/2025\/02\/Peggy-400x300.jpg 400w\" sizes=\"auto, (max-width: 2048px) 100vw, 2048px\" \/><\/div><div class=\"w-vwrapper usg_vwrapper_1 align_none valign_top\"><div class=\"w-image usg_image_1\"><div class=\"w-image-h\"><img decoding=\"async\" width=\"211\" height=\"28\" src=\"https:\/\/www.bouledepoils.be\/adoption\/wp-content\/uploads\/2022\/09\/hearts.png\" class=\"attachment-full size-full\" alt=\"\" loading=\"lazy\" \/><\/div><\/div><div class=\"w-post-elm post_content usg_post_content_1 without_sections\"><p>Notre petite Peggy s\u2019est tout de suite adapt\u00e9e \u00e0 sa nouvelle maison et nous comble de bonheur.<br \/>\nMerci.<\/p>\n<\/div><p class=\"w-post-elm post_title usg_post_title_1 align_left entry-title color_link_inherit\">Peggy<\/p><\/div>\t\t<\/div>\r\n\t\t\t<\/article>\r\n\t<article class=\"w-grid-item size_1x1 post-9244 us_portfolio type-us_portfolio status-publish has-post-thumbnail hentry us_portfolio_category-berger-australien-miniature\" data-id=\"9244\">\r\n\t\t<div class=\"w-grid-item-h\">\r\n\t\t\t\t\t\t<div class=\"w-post-elm post_image usg_post_image_1 has_width stretched\"><img loading=\"lazy\" decoding=\"async\" width=\"2048\" height=\"1835\" src=\"https:\/\/www.bouledepoils.be\/adoption\/wp-content\/uploads\/2025\/02\/Marvel.jpg\" class=\"attachment-full size-full wp-post-image\" alt=\"\" srcset=\"https:\/\/www.bouledepoils.be\/adoption\/wp-content\/uploads\/2025\/02\/Marvel.jpg 2048w, https:\/\/www.bouledepoils.be\/adoption\/wp-content\/uploads\/2025\/02\/Marvel-300x269.jpg 300w, https:\/\/www.bouledepoils.be\/adoption\/wp-content\/uploads\/2025\/02\/Marvel-1024x918.jpg 1024w\" sizes=\"auto, (max-width: 2048px) 100vw, 2048px\" \/><\/div><div class=\"w-vwrapper usg_vwrapper_1 align_none valign_top\"><div class=\"w-image usg_image_1\"><div class=\"w-image-h\"><img decoding=\"async\" width=\"211\" height=\"28\" src=\"https:\/\/www.bouledepoils.be\/adoption\/wp-content\/uploads\/2022\/09\/hearts.png\" class=\"attachment-full size-full\" alt=\"\" loading=\"lazy\" \/><\/div><\/div><div class=\"w-post-elm post_content usg_post_content_1 without_sections\"><p>Nous avons trouv\u00e9 notre bonheur avec le petit Marvel, notre troisi\u00e8me b\u00e9b\u00e9, et certainement pas<br \/>\nle dernier !<\/p>\n<\/div><p class=\"w-post-elm post_title usg_post_title_1 align_left entry-title color_link_inherit\">Marvel<\/p><\/div>\t\t<\/div>\r\n\t\t\t<\/article>\r\n<\/div>\t<div class=\"w-grid-preloader\">\r\n\t\t<div class=\"g-preloader type_1\">\r\n\t\t\t<div><\/div>\r\n\t\t<\/div>\r\n\t<\/div>\r\n\t\t<div class=\"w-grid-json hidden\" onclick='return {&quot;action&quot;:&quot;us_ajax_grid&quot;,&quot;infinite_scroll&quot;:0,&quot;max_num_pages&quot;:1,&quot;pagination&quot;:&quot;none&quot;,&quot;template_vars&quot;:{&quot;columns&quot;:&quot;3&quot;,&quot;exclude_items&quot;:&quot;none&quot;,&quot;img_size&quot;:&quot;default&quot;,&quot;ignore_items_size&quot;:0,&quot;items_layout&quot;:&quot;69&quot;,&quot;items_offset&quot;:&quot;1&quot;,&quot;load_animation&quot;:&quot;none&quot;,&quot;overriding_link&quot;:&quot;%7B%22url%22%3A%22%22%7D&quot;,&quot;post_id&quot;:0,&quot;query_args&quot;:{&quot;post_type&quot;:[&quot;us_portfolio&quot;],&quot;tax_query&quot;:[{&quot;taxonomy&quot;:&quot;us_portfolio_category&quot;,&quot;field&quot;:&quot;slug&quot;,&quot;terms&quot;:[&quot;berger-australien-miniature&quot;]}],&quot;post_status&quot;:[&quot;publish&quot;],&quot;posts_per_page&quot;:&quot;10&quot;},&quot;orderby_query_args&quot;:{&quot;orderby&quot;:{&quot;date&quot;:&quot;DESC&quot;}},&quot;type&quot;:&quot;grid&quot;,&quot;us_grid_post_type&quot;:&quot;us_portfolio&quot;,&quot;us_grid_ajax_index&quot;:2,&quot;us_grid_filter_query_string&quot;:null,&quot;us_grid_index&quot;:2,&quot;page_args&quot;:[]}}'><\/div>\r\n\t<\/div><\/div><\/div><\/div><\/div><\/div><\/section><section class=\"l-section wpb_row height_large with_img\" id=\"contact\"><div class=\"l-section-img\" role=\"img\" aria-label=\"Image\" data-img-width=\"1920\" data-img-height=\"1080\" style=\"background-image: url(https:\/\/www.bouledepoils.be\/adoption\/wp-content\/uploads\/2025\/03\/25.jpg);\"><\/div><div class=\"l-section-h i-cf\"><div class=\"g-cols vc_row via_flex valign_middle type_default stacking_default\"><div class=\"vc_col-sm-5 wpb_column vc_column_container has_text_color\"><div class=\"vc_column-inner us_custom_6df4bc3a\"><div class=\"wpb_wrapper\"><div class=\"wpb_text_column us_custom_41e14435\"><div class=\"wpb_wrapper\"><h2 style=\"text-align: left;\">Adoptez un Berger Australien Miniature<\/h2>\n<p>Vous d\u00e9sirez discuter avec nous d\u2019une possible adoption d\u2019un chiot Berger Australien Miniature ? N\u2019h\u00e9sitez pas \u00e0 compl\u00e9ter le formulaire de contact.<\/p>\n<p>Vous pouvez \u00e9galement nous appeler directement.<\/p>\n<\/div><\/div><div class=\"w-btn-wrapper align_none\"><a class=\"w-btn us-btn-style_4\" href=\"tel:+32484246750\"><span class=\"w-btn-label\">Nous appeler<\/span><\/a><\/div><\/div><\/div><\/div><div class=\"vc_col-sm-7 wpb_column vc_column_container\"><div class=\"vc_column-inner\"><div class=\"wpb_wrapper\"><div class=\"g-cols wpb_row us_custom_668154aa via_flex valign_top type_boxes stacking_default\"><div class=\"vc_col-sm-12 wpb_column vc_column_container\"><div class=\"vc_column-inner\"><div class=\"wpb_wrapper\"><div class=\"wpb_text_column us_custom_3b7af15d\"><div class=\"wpb_wrapper\"><h2>Formulaire de contact<\/h2>\n<\/div><\/div>\n<div class=\"wpcf7 no-js\" id=\"wpcf7-f5-o1\" lang=\"en-US\" dir=\"ltr\" data-wpcf7-id=\"5\">\n<div class=\"screen-reader-response\"><p role=\"status\" aria-live=\"polite\" aria-atomic=\"true\"><\/p> <ul><\/ul><\/div>\n<form action=\"\/adoption\/wp-json\/wp\/v2\/pages\/9238#wpcf7-f5-o1\" method=\"post\" class=\"wpcf7-form init\" aria-label=\"Contact form\" novalidate=\"novalidate\" data-status=\"init\">\n<fieldset class=\"hidden-fields-container\"><input type=\"hidden\" name=\"_wpcf7\" value=\"5\" \/><input type=\"hidden\" name=\"_wpcf7_version\" value=\"6.1.4\" \/><input type=\"hidden\" name=\"_wpcf7_locale\" value=\"en_US\" \/><input type=\"hidden\" name=\"_wpcf7_unit_tag\" value=\"wpcf7-f5-o1\" \/><input type=\"hidden\" name=\"_wpcf7_container_post\" value=\"0\" \/><input type=\"hidden\" name=\"_wpcf7_posted_data_hash\" value=\"\" \/>\n<\/fieldset>\n<p class=\"form-lft\"><span class=\"wpcf7-form-control-wrap\" data-name=\"prenom\"><input size=\"40\" maxlength=\"400\" class=\"wpcf7-form-control wpcf7-text\" aria-invalid=\"false\" placeholder=\"Pr\u00e9nom\" value=\"\" type=\"text\" name=\"prenom\" \/><\/span>\n<\/p>\n<p class=\"form-rgt\"><span class=\"wpcf7-form-control-wrap\" data-name=\"your-name\"><input size=\"40\" maxlength=\"400\" class=\"wpcf7-form-control wpcf7-text\" aria-invalid=\"false\" placeholder=\"Nom\" value=\"\" type=\"text\" name=\"your-name\" \/><\/span>\n<\/p>\n<p class=\"form-lft\"><span class=\"wpcf7-form-control-wrap\" data-name=\"numero\"><input size=\"40\" maxlength=\"400\" class=\"wpcf7-form-control wpcf7-tel wpcf7-text wpcf7-validates-as-tel\" aria-invalid=\"false\" placeholder=\"Num\u00e9ro\" value=\"\" type=\"tel\" name=\"numero\" \/><\/span>\n<\/p>\n<p class=\"form-rgt\"><span class=\"wpcf7-form-control-wrap\" data-name=\"your-email\"><input size=\"40\" maxlength=\"400\" class=\"wpcf7-form-control wpcf7-email wpcf7-validates-as-required wpcf7-text wpcf7-validates-as-email\" aria-required=\"true\" aria-invalid=\"false\" placeholder=\"Mail\" value=\"\" type=\"email\" name=\"your-email\" \/><\/span>\n<\/p>\n<p><span class=\"wpcf7-form-control-wrap\" data-name=\"your-message\"><textarea cols=\"40\" rows=\"10\" maxlength=\"2000\" class=\"wpcf7-form-control wpcf7-textarea\" aria-invalid=\"false\" placeholder=\"Votre Message\" name=\"your-message\"><\/textarea><\/span>\n<\/p>\n<p class=\"align_center\"><input class=\"wpcf7-form-control wpcf7-submit has-spinner\" type=\"submit\" value=\"Envoyer\" \/>\n<\/p><div class=\"wpcf7-response-output\" aria-hidden=\"true\"><\/div>\n<\/form>\n<\/div>\n<\/div><\/div><\/div><\/div><\/div><\/div><\/div><\/div><\/div><\/section>\n","protected":false},"excerpt":{"rendered":"Nous avons trouv\u00e9 notre bonheur avec le petit Marvel, notre troisi\u00e8me b\u00e9b\u00e9, et certainement pas le dernier !","protected":false},"author":2,"featured_media":9247,"parent":0,"menu_order":0,"comment_status":"closed","ping_status":"closed","template":"","meta":{"footnotes":""},"class_list":["post-9238","page","type-page","status-publish","has-post-thumbnail","hentry"],"_links":{"self":[{"href":"https:\/\/www.bouledepoils.be\/adoption\/wp-json\/wp\/v2\/pages\/9238","targetHints":{"allow":["GET"]}}],"collection":[{"href":"https:\/\/www.bouledepoils.be\/adoption\/wp-json\/wp\/v2\/pages"}],"about":[{"href":"https:\/\/www.bouledepoils.be\/adoption\/wp-json\/wp\/v2\/types\/page"}],"author":[{"embeddable":true,"href":"https:\/\/www.bouledepoils.be\/adoption\/wp-json\/wp\/v2\/users\/2"}],"replies":[{"embeddable":true,"href":"https:\/\/www.bouledepoils.be\/adoption\/wp-json\/wp\/v2\/comments?post=9238"}],"version-history":[{"count":16,"href":"https:\/\/www.bouledepoils.be\/adoption\/wp-json\/wp\/v2\/pages\/9238\/revisions"}],"predecessor-version":[{"id":9515,"href":"https:\/\/www.bouledepoils.be\/adoption\/wp-json\/wp\/v2\/pages\/9238\/revisions\/9515"}],"wp:featuredmedia":[{"embeddable":true,"href":"https:\/\/www.bouledepoils.be\/adoption\/wp-json\/wp\/v2\/media\/9247"}],"wp:attachment":[{"href":"https:\/\/www.bouledepoils.be\/adoption\/wp-json\/wp\/v2\/media?parent=9238"}],"curies":[{"name":"wp","href":"https:\/\/api.w.org\/{rel}","templated":true}]}}